{"id":2151,"date":"2021-09-04T16:58:41","date_gmt":"2021-09-04T16:58:41","guid":{"rendered":"https:\/\/saldanhaadvogados.adv.br\/novo\/?page_id=2151"},"modified":"2021-09-04T21:27:53","modified_gmt":"2021-09-04T21:27:53","slug":"no-inicio","status":"publish","type":"page","link":"https:\/\/saldanhaadvogados.adv.br\/novo\/no-inicio\/","title":{"rendered":"No In\u00edcio"},"content":{"rendered":"<p>[vc_row][vc_column][vc_single_image image=&#8221;2165&#8243; img_size=&#8221;499&#215;309&#8243; alignment=&#8221;center&#8221; css_animation=&#8221;bounceIn&#8221;][ct_process ct_process_list=&#8221;%5B%7B%22year%22%3A%221998%22%2C%22title%22%3A%22Formada%20em%20T%C3%A9cnica%20em%20Processamento%20de%20Dados%22%7D%2C%7B%22year%22%3A%222005%20%22%2C%22title%22%3A%22Formada%20em%20Administra%C3%A7%C3%A3o%22%7D%2C%7B%22year%22%3A%222011%22%2C%22title%22%3A%22Formada%20em%20Neolingu%C3%ADstica%20%22%7D%2C%7B%22year%22%3A%222013%22%2C%22title%22%3A%22Formada%20em%20Direito%22%7D%2C%7B%22year%22%3A%222015%22%2C%22title%22%3A%22Surge%20Saldanha%20Advogados%20Associados%22%7D%2C%7B%22year%22%3A%222018%22%2C%22title%22%3A%22P%C3%B3s%20graduada%20em%20Direito%20do%20Trabalho%22%7D%2C%7B%22year%22%3A%222020%22%2C%22title%22%3A%22P%C3%B3s%20graduada%20em%20Direito%20Imobili%C3%A1rio%22%7D%5D&#8221; animation=&#8221;bounce&#8221;][vc_column_text]Minha trajet\u00f3ria profissional come\u00e7a em 1998 quando me formei T\u00e9cnica em Processamento de dados, ingressei no mercado de trabalho como estagi\u00e1ria de uma ag\u00eancia de publicidade onde fui contratada e permaneci por 02 anos.<\/p>\r\n<p><!-- \/wp:paragraph -->\r\n\r\n<!-- wp:paragraph -->Em 2000 ingressei na faculdade de Administra\u00e7\u00e3o de empresas, com a jornada acad\u00eamica e a dist\u00e2ncia do trabalho tive que optar por uma nova empresa, onde o meu deslocamento era de menor tempo possibilitando uma carga hor\u00e1ria de 8h mais a jornada acad\u00eamica a noite. Comecei a trabalhar em uma empresa na \u00e1rea de recursos humanos como estagi\u00e1ria, passados 6 meses fui contratada, passei a exercer um cargo de supervis\u00e3o e permaneci nesta empresa at\u00e9 final de 2005 quando conclui o curso de Administra\u00e7\u00e3o me tornando Bacharel pela primeira vez!<\/p>\r\n<p><!-- \/wp:paragraph -->\r\n\r\n<!-- wp:paragraph -->Com a forma\u00e7\u00e3o e vontade de crescer profissionalmente aceitei o desafio de abrir a filial de uma empresa j\u00e1 conhecida em Porto Alegre na cidade de Pelotas. Passei o ano de 2006 trabalhandoe Pelotas na implanta\u00e7\u00e3o desta empresa, cuidando desde de a contrata\u00e7\u00e3o dos funcion\u00e1rios at\u00e9 a regulariza\u00e7\u00e3o cont\u00e1bil e fiscal junto aos \u00f3rg\u00e3os p\u00fablicos. Passado 1 ano, j\u00e1 com saudade de casa e da fam\u00edlia, retornei para Canoas e passei a trabalhar nos neg\u00f3cios da fam\u00edlia no ramo de venda de ve\u00edculos.<\/p>\r\n<p><!-- \/wp:paragraph -->\r\n\r\n<!-- wp:paragraph -->Inquieta na busca desafios resolvi que a carga hor\u00e1ria de segunda a s\u00e1bado n\u00e3o eram suficientes, eu tinha cede de conhecimento e ent\u00e3o ingressei na faculdade de Direito no segundo semestre de 2007. Num primeiro momento o objetivo era usar o conhecimento para as demandas da empresa e quem sabe prestar concurso p\u00fablico.<\/p>\r\n<p><!-- \/wp:paragraph -->\r\n\r\n<!-- wp:paragraph -->Em 2011 veio o falecimento do meu pai\u00a0 meu exemplo, o esteio da fam\u00edlia e ent\u00e3o eu tive que recome\u00e7ar. Segui a faculdade com mais dificuldade, muitas preocupa\u00e7\u00f5es, o ramo de autom\u00f3veis j\u00e1 n\u00e3o ia bem, fechamos a empresa.<\/p>\r\n<p><!-- \/wp:paragraph -->\r\n\r\n<!-- wp:paragraph -->Fiquei 30 duas desempregada quando um grande amigo me indicou para uma vaga em uma concession\u00e1ria de ve\u00edculos que precisava de uma pessoa de confian\u00e7a para o financeiro. Fui contratada! Conclui a faculdade de DIREITO em 2013! E ent\u00e3o eu tinha que fazer uma escolha,\u00a0 abrir m\u00e3o do meu sal\u00e1rio de gerente com todas as garantias e apostar no meu conhecimento como fonte de renda, assim o fiz! Abri meu pr\u00f3prio escrit\u00f3rio em 2015 e sigo buscando qualifica\u00e7\u00e3o e conhecimento para melhor atender todas as demandas. Em 2018 conclui a P\u00f3s gradua\u00e7\u00e3o em DIREITO do trabalho e em 2020 a\u00a0 p\u00f3s gradua\u00e7\u00e3o em DIREITO IMOBILI\u00c1RIO.<\/p>\r\n<p><!-- \/wp:paragraph -->\r\n\r\n<!-- wp:paragraph -->Dia ap\u00f3s dia refor\u00e7o a confian\u00e7a no meu trabalho, apostando em dar o meu melhor para todos os meus clientes, sempre com \u00e9tica, compromisso e respeito, al\u00e9m de ser volunt\u00e1ria em diversas a\u00e7\u00f5es sociais desde 1998.<\/p>\r\n<p><!-- \/wp:paragraph -->\r\n\r\n<!-- wp:paragraph -->Com a morte do meu pai em 2011 muita coisa tive que absorver, inclusive o choro. Ent\u00e3o busquei na programa\u00e7\u00e3o neurolingu\u00edstica ferramentas capazes de me dar o suporte que preciso para seguir em frente. Sempre positiva, bem humorada e respeitando os princ\u00edpios e valores que trago de heran\u00e7a.<\/p>\r\n<p><!-- \/wp:paragraph -->[\/vc_column_text][\/vc_column][\/vc_row]<\/p>","protected":false},"excerpt":{"rendered":"<p>[vc_row][vc_column][vc_single_image image=&#8221;2165&#8243; img_size=&#8221;499&#215;309&#8243; alignment=&#8221;center&#8221; css_animation=&#8221;bounceIn&#8221;][ct_process ct_process_list=&#8221;%5B%7B%22year%22%3A%221998%22%2C%22title%22%3A%22Formada%20em%20T%C3%A9cnica%20em%20Processamento%20de%20Dados%22%7D%2C%7B%22year%22%3A%222005%20%22%2C%22title%22%3A%22Formada%20em%20Administra%C3%A7%C3%A3o%22%7D%2C%7B%22year%22%3A%222011%22%2C%22title%22%3A%22Formada%20em%20Neolingu%C3%ADstica%20%22%7D%2C%7B%22year%22%3A%222013%22%2C%22title%22%3A%22Formada%20em%20Direito%22%7D%2C%7B%22year%22%3A%222015%22%2C%22title%22%3A%22Surge%20Saldanha%20Advogados%20Associados%22%7D%2C%7B%22year%22%3A%222018%22%2C%22title%22%3A%22P%C3%B3s%20graduada%20em%20Direito%20do%20Trabalho%22%7D%2C%7B%22year%22%3A%222020%22%2C%22title%22%3A%22P%C3%B3s%20graduada%20em%20Direito%20Imobili%C3%A1rio%22%7D%5D&#8221; animation=&#8221;bounce&#8221;][vc_column_text]Minha trajet\u00f3ria profissional come\u00e7a em 1998 quando me formei T\u00e9cnica em Processamento de dados, ingressei no mercado de trabalho como estagi\u00e1ria de uma ag\u00eancia de publicidade onde fui contratada e permaneci por 02 anos. Em 2000 ingressei na faculdade de Administra\u00e7\u00e3o de empresas, com a jornada acad\u00eamica e a [&hellip;]<\/p>\n","protected":false},"author":1,"featured_media":0,"parent":0,"menu_order":0,"comment_status":"closed","ping_status":"closed","template":"","meta":[],"_links":{"self":[{"href":"https:\/\/saldanhaadvogados.adv.br\/novo\/wp-json\/wp\/v2\/pages\/2151"}],"collection":[{"href":"https:\/\/saldanhaadvogados.adv.br\/novo\/wp-json\/wp\/v2\/pages"}],"about":[{"href":"https:\/\/saldanhaadvogados.adv.br\/novo\/wp-json\/wp\/v2\/types\/page"}],"author":[{"embeddable":true,"href":"https:\/\/saldanhaadvogados.adv.br\/novo\/wp-json\/wp\/v2\/users\/1"}],"replies":[{"embeddable":true,"href":"https:\/\/saldanhaadvogados.adv.br\/novo\/wp-json\/wp\/v2\/comments?post=2151"}],"version-history":[{"count":11,"href":"https:\/\/saldanhaadvogados.adv.br\/novo\/wp-json\/wp\/v2\/pages\/2151\/revisions"}],"predecessor-version":[{"id":2170,"href":"https:\/\/saldanhaadvogados.adv.br\/novo\/wp-json\/wp\/v2\/pages\/2151\/revisions\/2170"}],"wp:attachment":[{"href":"https:\/\/saldanhaadvogados.adv.br\/novo\/wp-json\/wp\/v2\/media?parent=2151"}],"curies":[{"name":"wp","href":"https:\/\/api.w.org\/{rel}","templated":true}]}}